{"id":6092,"date":"2020-04-01T10:03:53","date_gmt":"2020-04-01T08:03:53","guid":{"rendered":"https:\/\/www.fcschwand.de\/?page_id=6092"},"modified":"2025-07-21T11:11:21","modified_gmt":"2025-07-21T09:11:21","slug":"sponsoring-spenden","status":"publish","type":"page","link":"https:\/\/www.fcschwand.de\/home\/sponsoring-spenden\/","title":{"rendered":"Sponsoring \/ Spenden"},"content":{"rendered":"<div id='full_slider_1'  class='avia-fullwidth-slider main_color avia-shadow   avia-builder-el-0  el_before_av_one_fifth  avia-builder-el-first   container_wrap sidebar_right' style=' '  ><div   data-size='featured'  data-lightbox_size='large'  data-animation='fade'  data-conditional_play=''  data-ids='4453,1284,4488,4438,4421,4418,5007,4978'  data-video_counter='0'  data-autoplay='true'  data-bg_slider='false'  data-slide_height=''  data-handle='av_slideshow_full'  data-interval='5'  data-class=' '  data-el_id=''  data-css_id=''  data-scroll_down=''  data-control_layout='av-control-minimal'  data-custom_markup=''  data-perma_caption=''  data-autoplay_stopper=''  data-image_attachment=''  data-min_height='0px'  data-lazy_loading='disabled'  data-src=''  data-position='top left'  data-repeat='no-repeat'  data-attach='scroll'  data-stretch=''  data-default-height='28.666666666667'  class='avia-slideshow avia-slideshow-1  av-control-minimal av-default-height-applied avia-slideshow-featured av_slideshow_full   avia-fade-slider '  itemprop=\"image\" itemscope=\"itemscope\" itemtype=\"https:\/\/schema.org\/ImageObject\" ><ul class='avia-slideshow-inner ' style='padding-bottom: 28.666666666667%;' ><li  class=' slide-1 ' ><div data-rel='slideshow-1' class='avia-slide-wrap '   ><div class = \"caption_fullwidth av-slideshow-caption caption_center\"><div class = \"container caption_container\"><div class = \"slideshow_caption\"><div class = \"slideshow_inner_caption\"><div class = \"slideshow_align_caption\"><h2  style='font-size:70px; ' class='avia-caption-title  '  itemprop=\"name\" >Abteilung <strong>Turnen<\/strong><\/h2><div class='avia-caption-content  av_inherit_color'  itemprop=\"description\"   style='font-size:38px; '><p>BEGINNE DEIN N\u00c4CHSTES WORKOUT<\/p>\n<\/div><a href='https:\/\/www.fcschwand.de\/portfolio-item\/turnen\/'  class='avia-slideshow-button avia-button avia-color-light ' data-duration='800' data-easing='easeInOutQuad'>schau vorbei<\/a><\/div><\/div><\/div><\/div><\/div><img class=\"wp-image-4453 avia-img-lazy-loading-not-4453\"  src=\"https:\/\/www.fcschwand.de\/wp-content\/uploads\/2017\/06\/Workout_1500195341-11-1500x430.jpg\" width=\"1500\" height=\"430\" title='Workout_1500195341 (11)' alt=''  itemprop=\"thumbnailUrl\" \/><div class='av-section-color-overlay' style='opacity: 0.4; background-color: #0a0a0a; '><\/div><\/div><\/li><li  class=' slide-2 ' ><div data-rel='slideshow-1' class='avia-slide-wrap '   ><div class = \"caption_fullwidth av-slideshow-caption caption_center\"><div class = \"container caption_container\"><div class = \"slideshow_caption\"><div class = \"slideshow_inner_caption\"><div class = \"slideshow_align_caption\"><h2  style='font-size:70px; ' class='avia-caption-title  '  itemprop=\"name\" >Abteilung <strong>Fussball<\/strong><\/h2><div class='avia-caption-content  av_inherit_color'  itemprop=\"description\"   style='font-size:38px; '><p>WIR SUCHEN DICH. ENTDECKE DEIN TALENT F\u00dcR FUSSBALL.<\/p>\n<\/div><a href='https:\/\/www.fcschwand.de\/portfolio-item\/fussball\/'  class='avia-slideshow-button avia-button avia-color-red ' data-duration='800' data-easing='easeInOutQuad'>DIE TALENTSUCHE<\/a><\/div><\/div><\/div><\/div><\/div><img class=\"wp-image-1284 avia-img-lazy-loading-not-1284\"  src=\"https:\/\/www.fcschwand.de\/wp-content\/uploads\/2016\/02\/shutterstock_436082644-1500x430.png\" width=\"1500\" height=\"430\" title='shutterstock_436082644' alt=''  itemprop=\"thumbnailUrl\" \/><div class='av-section-color-overlay' style='opacity: 0.7; background-color: #000000; '><\/div><\/div><\/li><li  class=' slide-3 ' ><div data-rel='slideshow-1' class='avia-slide-wrap '   ><div class = \"caption_fullwidth av-slideshow-caption caption_center\"><div class = \"container caption_container\"><div class = \"slideshow_caption\"><div class = \"slideshow_inner_caption\"><div class = \"slideshow_align_caption\"><h2  style='font-size:70px; ' class='avia-caption-title  '  itemprop=\"name\" >Abteilung <strong>Handball<\/strong><\/h2><div class='avia-caption-content  av_inherit_color'  itemprop=\"description\"   style='font-size:38px; '><p>WIR SUCHEN IMMER VERST\u00c4RKUNG.<\/p>\n<\/div><a href=''  class='avia-slideshow-button avia-button avia-color-light ' data-duration='800' data-easing='easeInOutQuad'>intressiert<\/a><\/div><\/div><\/div><\/div><\/div><img class=\"wp-image-4488 avia-img-lazy-loading-not-4488\"  src=\"https:\/\/www.fcschwand.de\/wp-content\/uploads\/2020\/03\/Handball_1500195341-9-1500x430.jpg\" width=\"1500\" height=\"430\" title='Handball_1500195341 (9)' alt=''  itemprop=\"thumbnailUrl\" \/><div class='av-section-color-overlay' style='opacity: 0.3; background-color: #0a0a0a; '><\/div><\/div><\/li><li  class=' slide-4 ' ><div data-rel='slideshow-1' class='avia-slide-wrap '   ><div class = \"caption_fullwidth av-slideshow-caption caption_left\"><div class = \"container caption_container\"><div class = \"slideshow_caption\"><div class = \"slideshow_inner_caption\"><div class = \"slideshow_align_caption\"><h2  style='font-size:70px; ' class='avia-caption-title  '  itemprop=\"name\" >Abteilung <strong>Tennis<\/strong><\/h2><div class='avia-caption-content  av_inherit_color'  itemprop=\"description\"   style='font-size:38px; '><p>TRAINING F\u00dcR GRO\u00df &amp; KLEIN.<\/p>\n<\/div><a href='https:\/\/www.fcschwand.de\/portfolio-item\/tennis\/'  class='avia-slideshow-button avia-button avia-color-light ' data-duration='800' data-easing='easeInOutQuad'>DU HAST FRAGEN? SCHREIB UNS<\/a><\/div><\/div><\/div><\/div><\/div><img class=\"wp-image-4438 avia-img-lazy-loading-not-4438\"  src=\"https:\/\/www.fcschwand.de\/wp-content\/uploads\/2020\/03\/Tennis_1500195341-6-1-1500x430.jpg\" width=\"1500\" height=\"430\" title='Tennis_1500195341 (6)' alt=''  itemprop=\"thumbnailUrl\" \/><div class='av-section-color-overlay' style='opacity: 0.3; background-color: #000000; '><\/div><\/div><\/li><li  class=' slide-5 ' ><div data-rel='slideshow-1' class='avia-slide-wrap '   ><div class = \"caption_fullwidth av-slideshow-caption caption_left\"><div class = \"container caption_container\"><div class = \"slideshow_caption\"><div class = \"slideshow_inner_caption\"><div class = \"slideshow_align_caption\"><h2  style='font-size:70px; ' class='avia-caption-title  '  itemprop=\"name\" >Abteilung <strong>Tischtennis<\/strong><\/h2><div class='avia-caption-content  av_inherit_color'  itemprop=\"description\"   style='font-size:38px; '><p>DIE N\u00c4CHSTE PLATTE WARTET SCHON<\/p>\n<\/div><a href='https:\/\/www.fcschwand.de\/portfolio-item\/tischtennis\/'  class='avia-slideshow-button avia-button avia-color-light ' data-duration='800' data-easing='easeInOutQuad'>DU HAST FRAGEN? SCHREIB UNS<\/a><\/div><\/div><\/div><\/div><\/div><img class=\"wp-image-4421 avia-img-lazy-loading-not-4421\"  src=\"https:\/\/www.fcschwand.de\/wp-content\/uploads\/2020\/03\/Tischtennis_49372882-1500x430.jpg\" width=\"1500\" height=\"430\" title='Tischtennis_49372882' alt=''  itemprop=\"thumbnailUrl\" \/><div class='av-section-color-overlay' style='opacity: 0.3; background-color: #000000; '><\/div><\/div><\/li><li  class=' slide-6 ' ><div data-rel='slideshow-1' class='avia-slide-wrap '   ><div class = \"caption_fullwidth av-slideshow-caption caption_left\"><div class = \"container caption_container\"><div class = \"slideshow_caption\"><div class = \"slideshow_inner_caption\"><div class = \"slideshow_align_caption\"><h2  style='font-size:70px; ' class='avia-caption-title  '  itemprop=\"name\" >Abteilung <strong>Hip-Hop<\/strong><\/h2><div class='avia-caption-content  av_inherit_color'  itemprop=\"description\"   style='font-size:38px; '><p>SCHWING DEIN TANZBEIN MIT UNS<\/p>\n<\/div><a href='https:\/\/www.fcschwand.de\/portfolio-item\/rockn-roll\/'  class='avia-slideshow-button avia-button avia-color-light ' data-duration='800' data-easing='easeInOutQuad'>DU HAST FRAGEN? SCHREIB UNS<\/a><\/div><\/div><\/div><\/div><\/div><img class=\"wp-image-4418 avia-img-lazy-loading-not-4418\"  src=\"https:\/\/www.fcschwand.de\/wp-content\/uploads\/2020\/03\/HipHop_1500195341-8-1500x430.jpg\" width=\"1500\" height=\"430\" title='HipHop_1500195341 (8)' alt=''  itemprop=\"thumbnailUrl\" \/><div class='av-section-color-overlay' style='opacity: 0.3; background-color: #000000; '><\/div><\/div><\/li><li  class=' slide-7 ' ><div data-rel='slideshow-1' class='avia-slide-wrap '   ><div class = \"caption_fullwidth av-slideshow-caption caption_left\"><div class = \"container caption_container\"><div class = \"slideshow_caption\"><div class = \"slideshow_inner_caption\"><div class = \"slideshow_align_caption\"><h2  style='font-size:70px; ' class='avia-caption-title  '  itemprop=\"name\" >Abteilung <strong>Leichtathletik<\/strong><\/h2><div class='avia-caption-content  av_inherit_color'  itemprop=\"description\"   style='font-size:38px; '><p>KOMM ZUR DRITTEN HALBZEIT<\/p>\n<\/div><a href='https:\/\/www.fcschwand.de\/portfolio-item\/leichtathletik\/'  class='avia-slideshow-button avia-button avia-color-light ' data-duration='800' data-easing='easeInOutQuad'>DU HAST FRAGEN? SCHREIB UNS<\/a><\/div><\/div><\/div><\/div><\/div><img class=\"wp-image-5007 avia-img-lazy-loading-not-5007\"  src=\"https:\/\/www.fcschwand.de\/wp-content\/uploads\/2020\/03\/Handball_437141215-1-1500x430.jpg\" width=\"1500\" height=\"430\" title='Handball_437141215' alt=''  itemprop=\"thumbnailUrl\" \/><div class='av-section-color-overlay' style='opacity: 0.3; background-color: #000000; '><\/div><\/div><\/li><li  class=' slide-8 ' ><div data-rel='slideshow-1' class='avia-slide-wrap '   ><div class = \"caption_fullwidth av-slideshow-caption caption_center\"><div class = \"container caption_container\"><div class = \"slideshow_caption\"><div class = \"slideshow_inner_caption\"><div class = \"slideshow_align_caption\"><h2  style='font-size:70px; ' class='avia-caption-title  '  itemprop=\"name\" >Abteilung <strong>ESDO<\/strong><\/h2><div class='avia-caption-content  av_inherit_color'  itemprop=\"description\"   style='font-size:38px; '><p>EIN STARKES TEAM<\/p>\n<\/div><a href=' https:\/\/www.fcschwand.de\/portfolio-item\/esdo\/'  class='avia-slideshow-button avia-button avia-color-light ' data-duration='800' data-easing='easeInOutQuad'>komm zu uns<\/a><\/div><\/div><\/div><\/div><\/div><img class=\"wp-image-4978 avia-img-lazy-loading-not-4978\"  src=\"https:\/\/www.fcschwand.de\/wp-content\/uploads\/2020\/03\/shutterstock_554329354-1500x430.jpg\" width=\"1500\" height=\"430\" title='shutterstock_554329354' alt=''  itemprop=\"thumbnailUrl\" \/><\/div><\/li><\/ul><div class='avia-slideshow-arrows avia-slideshow-controls'><a href='#prev' tabindex='-1' class='prev-slide' aria-hidden='true' data-av_icon='\ue87c' data-av_iconfont='entypo-fontello'>Zur\u00fcck<\/a><a href='#next' tabindex='-1' class='next-slide' aria-hidden='true' data-av_icon='\ue87d' data-av_iconfont='entypo-fontello'>Weiter<\/a><\/div><div class='avia-slideshow-dots avia-slideshow-controls'><a href='#1' class='goto-slide active' >1<\/a><a href='#2' class='goto-slide ' >2<\/a><a href='#3' class='goto-slide ' >3<\/a><a href='#4' class='goto-slide ' >4<\/a><a href='#5' class='goto-slide ' >5<\/a><a href='#6' class='goto-slide ' >6<\/a><a href='#7' class='goto-slide ' >7<\/a><a href='#8' class='goto-slide ' >8<\/a><\/div><\/div><\/div><div id='after_full_slider_1'  class='main_color av_default_container_wrap container_wrap sidebar_right' style=' '  ><div class='container' ><div class='template-page content  av-content-small alpha units'><div class='post-entry post-entry-type-page post-entry-6092'><div class='entry-content-wrapper clearfix'>\n<div class=\"flex_column av_one_fifth  flex_column_div av-zero-column-padding first  avia-builder-el-1  el_after_av_slideshow_full  el_before_av_three_fifth  avia-builder-el-first  \" style='border-radius:0px; '><\/div>\n<div class=\"flex_column av_three_fifth  flex_column_div   avia-builder-el-2  el_after_av_one_fifth  el_before_av_one_fifth  \" style='background: #d7deea; border-width:2px; border-color:#7bb0e7; border-style:solid; box-shadow: 0 0 10px 0 #1e1e1e; -webkit-transform: scale(1.5); -ms-transform: scale(1.5); transform: scale(1.5); z-index: 4;padding:20px; background-color:#d7deea; border-radius:0px; '><p><div  style='padding-bottom:10px; ' class='av-special-heading av-special-heading-h3  blockquote modern-quote  avia-builder-el-3  el_before_av_hr  avia-builder-el-first  '><h3 class='av-special-heading-tag '  itemprop=\"headline\"  >Sponsoring \/ Spenden<\/h3><div class ='av-subheading av-subheading_below  ' style='font-size:15px;'><p>Sie m\u00f6chten uns unterst\u00fctzen, finden aber keine Zeit ?<\/p>\n<\/div><div class='special-heading-border'><div class='special-heading-inner-border' ><\/div><\/div><\/div><br \/>\n<div  style='height:15px' class='hr hr-invisible   avia-builder-el-4  el_after_av_heading  el_before_av_textblock '><span class='hr-inner ' ><span class='hr-inner-style'><\/span><\/span><\/div><br \/>\n<section class=\"av_textblock_section \"  itemscope=\"itemscope\" itemtype=\"https:\/\/schema.org\/CreativeWork\" ><div class='avia_textblock  '  style='font-size:12px; '  itemprop=\"text\" ><p>Sie m\u00f6chten den <strong>1.FC Schwand<\/strong> unterst\u00fctzen ?<br \/>\nWie w\u00e4re es mit einer gezielten Spende im Verein ?<br \/>\nSie k\u00f6nnen <strong>zweckgebunden<\/strong> zum Beispiel die Jugenden, Sportst\u00e4tten oder einzelne Abteilungen <strong>unterst\u00fctzen<\/strong>. Geben Sie einfach neben dem Zweck auch die Abteilung oder Gruppe an.<\/p>\n<p>Spenden \u00fcber das Bankkonto bis 150,-\u20ac akzeptiert das Finanzamt, als abzugsf\u00e4hige Sonderausgabe ohne Spendenquittung.<br \/>\nGerne stellen wir Ihnen eine <strong>Spendenbescheinigung<\/strong> auf Anfrage aus.<br \/>\nBitte teilen Sie uns hierzu telefonisch oder per E-Mail Ihre Anschrift mit.<br \/>\nDer 1.FC Schwand freut sich \u00fcber Ihre Spende an:<\/p>\n<p><strong>IBAN DE 78 7656 0060 0004 8864 45<\/strong><\/p>\n<\/div><\/section><\/p><\/div><div class=\"flex_column av_one_fifth  flex_column_div av-zero-column-padding   avia-builder-el-6  el_after_av_three_fifth  el_before_av_hr  \" style='border-radius:0px; '><\/div><\/p>\n<div  style='height:50px' class='hr hr-invisible   avia-builder-el-7  el_after_av_one_fifth  avia-builder-el-last '><span class='hr-inner ' ><span class='hr-inner-style'><\/span><\/span><\/div>\n","protected":false},"excerpt":{"rendered":"","protected":false},"author":7,"featured_media":0,"parent":0,"menu_order":0,"comment_status":"closed","ping_status":"closed","template":"","meta":[],"yoast_head":"<!-- This site is optimized with the Yoast SEO plugin v15.9.2 - https:\/\/yoast.com\/wordpress\/plugins\/seo\/ -->\n<title>1.FC Schwand - Sponsoring - Spende<\/title>\n<meta name=\"description\" content=\"Sie m\u00f6chten uns unterst\u00fctzen, finden aber keine Zeit ? Sie m\u00f6chten den 1.FC Schwand unterst\u00fctzen ? Wie w\u00e4re es mit einer gezielten Spende im Verein ? Sie k\u00f6nnen zweckgebunden zum Beispiel die Jugenden, Sportst\u00e4tten oder einzelne Abteilungen unterst\u00fctzen.\" \/>\n<link rel=\"canonical\" href=\"https:\/\/www.fcschwand.de\/home\/sponsoring-spenden\/\" \/>\n<meta property=\"og:locale\" content=\"de_DE\" \/>\n<meta property=\"og:type\" content=\"article\" \/>\n<meta property=\"og:title\" content=\"1.FC Schwand - Sponsoring - Spende\" \/>\n<meta property=\"og:description\" content=\"Sie m\u00f6chten uns unterst\u00fctzen, finden aber keine Zeit ? Sie m\u00f6chten den 1.FC Schwand unterst\u00fctzen ? Wie w\u00e4re es mit einer gezielten Spende im Verein ? Sie k\u00f6nnen zweckgebunden zum Beispiel die Jugenden, Sportst\u00e4tten oder einzelne Abteilungen unterst\u00fctzen.\" \/>\n<meta property=\"og:url\" content=\"https:\/\/www.fcschwand.de\/home\/sponsoring-spenden\/\" \/>\n<meta property=\"og:site_name\" content=\"1.FC Schwand\" \/>\n<meta property=\"article:modified_time\" content=\"2025-07-21T09:11:21+00:00\" \/>\n<meta name=\"twitter:card\" content=\"summary\" \/>\n<meta name=\"twitter:label1\" content=\"Gesch\u00e4tzte Lesezeit\">\n\t<meta name=\"twitter:data1\" content=\"9\u00a0Minuten\">\n<script type=\"application\/ld+json\" class=\"yoast-schema-graph\">{\"@context\":\"https:\/\/schema.org\",\"@graph\":[{\"@type\":\"WebSite\",\"@id\":\"https:\/\/www.fcschwand.de\/home\/#website\",\"url\":\"https:\/\/www.fcschwand.de\/home\/\",\"name\":\"1.FC Schwand\",\"description\":\"Sport aus Leidenschaft\",\"potentialAction\":[{\"@type\":\"SearchAction\",\"target\":\"https:\/\/www.fcschwand.de\/home\/?s={search_term_string}\",\"query-input\":\"required name=search_term_string\"}],\"inLanguage\":\"de\"},{\"@type\":\"WebPage\",\"@id\":\"https:\/\/www.fcschwand.de\/home\/sponsoring-spenden\/#webpage\",\"url\":\"https:\/\/www.fcschwand.de\/home\/sponsoring-spenden\/\",\"name\":\"1.FC Schwand - Sponsoring - Spende\",\"isPartOf\":{\"@id\":\"https:\/\/www.fcschwand.de\/home\/#website\"},\"datePublished\":\"2020-04-01T08:03:53+00:00\",\"dateModified\":\"2025-07-21T09:11:21+00:00\",\"description\":\"Sie m\\u00f6chten uns unterst\\u00fctzen, finden aber keine Zeit ? Sie m\\u00f6chten den 1.FC Schwand unterst\\u00fctzen ? Wie w\\u00e4re es mit einer gezielten Spende im Verein ? Sie k\\u00f6nnen zweckgebunden zum Beispiel die Jugenden, Sportst\\u00e4tten oder einzelne Abteilungen unterst\\u00fctzen.\",\"breadcrumb\":{\"@id\":\"https:\/\/www.fcschwand.de\/home\/sponsoring-spenden\/#breadcrumb\"},\"inLanguage\":\"de\",\"potentialAction\":[{\"@type\":\"ReadAction\",\"target\":[\"https:\/\/www.fcschwand.de\/home\/sponsoring-spenden\/\"]}]},{\"@type\":\"BreadcrumbList\",\"@id\":\"https:\/\/www.fcschwand.de\/home\/sponsoring-spenden\/#breadcrumb\",\"itemListElement\":[{\"@type\":\"ListItem\",\"position\":1,\"item\":{\"@type\":\"WebPage\",\"@id\":\"https:\/\/www.fcschwand.de\/home\/1-fc-schwand-sportverein-2\/\",\"url\":\"https:\/\/www.fcschwand.de\/home\/1-fc-schwand-sportverein-2\/\",\"name\":\"Startseite\"}},{\"@type\":\"ListItem\",\"position\":2,\"item\":{\"@type\":\"WebPage\",\"@id\":\"https:\/\/www.fcschwand.de\/home\/sponsoring-spenden\/\",\"url\":\"https:\/\/www.fcschwand.de\/home\/sponsoring-spenden\/\",\"name\":\"Sponsoring \/ Spenden\"}}]}]}<\/script>\n<!-- \/ Yoast SEO plugin. -->","_links":{"self":[{"href":"https:\/\/www.fcschwand.de\/home\/wp-json\/wp\/v2\/pages\/6092"}],"collection":[{"href":"https:\/\/www.fcschwand.de\/home\/wp-json\/wp\/v2\/pages"}],"about":[{"href":"https:\/\/www.fcschwand.de\/home\/wp-json\/wp\/v2\/types\/page"}],"author":[{"embeddable":true,"href":"https:\/\/www.fcschwand.de\/home\/wp-json\/wp\/v2\/users\/7"}],"replies":[{"embeddable":true,"href":"https:\/\/www.fcschwand.de\/home\/wp-json\/wp\/v2\/comments?post=6092"}],"version-history":[{"count":10,"href":"https:\/\/www.fcschwand.de\/home\/wp-json\/wp\/v2\/pages\/6092\/revisions"}],"predecessor-version":[{"id":7994,"href":"https:\/\/www.fcschwand.de\/home\/wp-json\/wp\/v2\/pages\/6092\/revisions\/7994"}],"wp:attachment":[{"href":"https:\/\/www.fcschwand.de\/home\/wp-json\/wp\/v2\/media?parent=6092"}],"curies":[{"name":"wp","href":"https:\/\/api.w.org\/{rel}","templated":true}]}}